{"id":125,"date":"2026-03-31T19:13:41","date_gmt":"2026-03-31T19:13:41","guid":{"rendered":"https:\/\/ylna-technics.fr\/?page_id=125"},"modified":"2026-04-05T15:24:01","modified_gmt":"2026-04-05T15:24:01","slug":"histoire-vision","status":"publish","type":"page","link":"https:\/\/ylna-technics.fr\/index.php\/histoire-vision\/","title":{"rendered":"Histoire &amp; Vision"},"content":{"rendered":"\n<h2 class=\"wp-block-heading\">Histoire<\/h2>\n\n\n\n<h3 class=\"wp-block-heading\">Une exp\u00e9rience construite au contact du terrain<\/h3>\n\n\n\n<p>YLNA Technics est n\u00e9e de la volont\u00e9 de mettre l\u2019ing\u00e9nierie de maintenance et l\u2019exploitation des donn\u00e9es techniques au service de la performance industrielle.<br>L\u2019entreprise s\u2019appuie sur une exp\u00e9rience acquise dans diff\u00e9rents environnements industriels, au contact direct des \u00e9quipements et des \u00e9quipes de maintenance. Cette exp\u00e9rience terrain a permis de d\u00e9velopper une approche pragmatique, fond\u00e9e sur l\u2019analyse des installations et la compr\u00e9hension des r\u00e9alit\u00e9s op\u00e9rationnelles.<\/p>\n\n\n\n<p>Aujourd\u2019hui, YLNA Technics accompagne ses clients dans la structuration de leurs projets de maintenance, depuis l\u2019analyse des donn\u00e9es et des \u00e9quipements jusqu\u2019\u00e0 la mise en place des m\u00e9thodes et outils n\u00e9cessaires \u00e0 l\u2019am\u00e9lioration durable de leurs performances<\/p>\n\n\n\n<h2 class=\"wp-block-heading\">Vision<\/h2>\n\n\n\n<h3 class=\"wp-block-heading\">Pr\u00e9ventif, Pr\u00e9visionnel, Pilotage<\/h3>\n\n\n\n<p>YLNA Technics s\u2019inscrit dans l\u2019\u00e9volution des activit\u00e9s de maintenance industrielle, o\u00f9 l\u2019exploitation des donn\u00e9es et la structuration des m\u00e9thodes deviennent des leviers essentiels de performance.<\/p>\n\n\n\n<p>La maintenance ne consiste plus uniquement \u00e0 intervenir sur les \u00e9quipements : elle implique aujourd\u2019hui l\u2019analyse des donn\u00e9es techniques, la compr\u00e9hension des modes de d\u00e9faillance et l\u2019organisation des activit\u00e9s afin d\u2019anticiper les pannes et d\u2019am\u00e9liorer la fiabilit\u00e9 des installations.<\/p>\n\n\n\n<p>L\u2019ambition de YLNA Technics est de contribuer \u00e0 cette \u00e9volution en accompagnant les industriels dans la mise en place de pratiques de maintenance plus structur\u00e9es, plus analytiques et davantage orient\u00e9es vers la performance des \u00e9quipements.<\/p>\n","protected":false},"excerpt":{"rendered":"<p>Histoire Une exp\u00e9rience construite au contact du terrain YLNA Technics est n\u00e9e de la volont\u00e9 de mettre l\u2019ing\u00e9nierie de maintenance et l\u2019exploitation des donn\u00e9es techniques au service de la performance industrielle.L\u2019entreprise s\u2019appuie sur une exp\u00e9rience acquise dans diff\u00e9rents environnements industriels, au contact direct des \u00e9quipements et des \u00e9quipes de maintenance. Cette exp\u00e9rience terrain a permis&#8230;<\/p>\n","protected":false},"author":1,"featured_media":0,"parent":0,"menu_order":0,"comment_status":"closed","ping_status":"closed","template":"","meta":{"_kadence_starter_templates_imported_post":false,"_kad_post_transparent":"","_kad_post_title":"","_kad_post_layout":"","_kad_post_sidebar_id":"","_kad_post_content_style":"","_kad_post_vertical_padding":"","_kad_post_feature":"","_kad_post_feature_position":"","_kad_post_header":false,"_kad_post_footer":false,"_kad_post_classname":"","footnotes":""},"class_list":["post-125","page","type-page","status-publish","hentry"],"yoast_head":"<!-- This site is optimized with the Yoast SEO plugin v27.3 - https:\/\/yoast.com\/product\/yoast-seo-wordpress\/ -->\n<title>Histoire &amp; Vision - YLNA Technics<\/title>\n<meta name=\"robots\" content=\"index, follow, max-snippet:-1, max-image-preview:large, max-video-preview:-1\" \/>\n<link rel=\"canonical\" href=\"https:\/\/ylna-technics.fr\/index.php\/histoire-vision\/\" \/>\n<meta property=\"og:locale\" content=\"fr_FR\" \/>\n<meta property=\"og:type\" content=\"article\" \/>\n<meta property=\"og:title\" content=\"Histoire &amp; Vision - YLNA Technics\" \/>\n<meta property=\"og:description\" content=\"Histoire Une exp\u00e9rience construite au contact du terrain YLNA Technics est n\u00e9e de la volont\u00e9 de mettre l\u2019ing\u00e9nierie de maintenance et l\u2019exploitation des donn\u00e9es techniques au service de la performance industrielle.L\u2019entreprise s\u2019appuie sur une exp\u00e9rience acquise dans diff\u00e9rents environnements industriels, au contact direct des \u00e9quipements et des \u00e9quipes de maintenance. Cette exp\u00e9rience terrain a permis...\" \/>\n<meta property=\"og:url\" content=\"https:\/\/ylna-technics.fr\/index.php\/histoire-vision\/\" \/>\n<meta property=\"og:site_name\" content=\"YLNA Technics\" \/>\n<meta property=\"article:modified_time\" content=\"2026-04-05T15:24:01+00:00\" \/>\n<meta name=\"twitter:card\" content=\"summary_large_image\" \/>\n<meta name=\"twitter:label1\" content=\"Dur\u00e9e de lecture estim\u00e9e\" \/>\n\t<meta name=\"twitter:data1\" content=\"2 minutes\" \/>\n<script type=\"application\/ld+json\" class=\"yoast-schema-graph\">{\"@context\":\"https:\\\/\\\/schema.org\",\"@graph\":[{\"@type\":\"WebPage\",\"@id\":\"https:\\\/\\\/ylna-technics.fr\\\/index.php\\\/histoire-vision\\\/\",\"url\":\"https:\\\/\\\/ylna-technics.fr\\\/index.php\\\/histoire-vision\\\/\",\"name\":\"Histoire &amp; Vision - YLNA Technics\",\"isPartOf\":{\"@id\":\"https:\\\/\\\/ylna-technics.fr\\\/#website\"},\"datePublished\":\"2026-03-31T19:13:41+00:00\",\"dateModified\":\"2026-04-05T15:24:01+00:00\",\"breadcrumb\":{\"@id\":\"https:\\\/\\\/ylna-technics.fr\\\/index.php\\\/histoire-vision\\\/#breadcrumb\"},\"inLanguage\":\"fr-FR\",\"potentialAction\":[{\"@type\":\"ReadAction\",\"target\":[\"https:\\\/\\\/ylna-technics.fr\\\/index.php\\\/histoire-vision\\\/\"]}]},{\"@type\":\"BreadcrumbList\",\"@id\":\"https:\\\/\\\/ylna-technics.fr\\\/index.php\\\/histoire-vision\\\/#breadcrumb\",\"itemListElement\":[{\"@type\":\"ListItem\",\"position\":1,\"name\":\"Accueil\",\"item\":\"https:\\\/\\\/ylna-technics.fr\\\/\"},{\"@type\":\"ListItem\",\"position\":2,\"name\":\"Histoire &amp; Vision\"}]},{\"@type\":\"WebSite\",\"@id\":\"https:\\\/\\\/ylna-technics.fr\\\/#website\",\"url\":\"https:\\\/\\\/ylna-technics.fr\\\/\",\"name\":\"YLNA Technics\",\"description\":\"Ing\u00e9nierie et M\u00e9thodes de Maintenance\",\"publisher\":{\"@id\":\"https:\\\/\\\/ylna-technics.fr\\\/#organization\"},\"potentialAction\":[{\"@type\":\"SearchAction\",\"target\":{\"@type\":\"EntryPoint\",\"urlTemplate\":\"https:\\\/\\\/ylna-technics.fr\\\/?s={search_term_string}\"},\"query-input\":{\"@type\":\"PropertyValueSpecification\",\"valueRequired\":true,\"valueName\":\"search_term_string\"}}],\"inLanguage\":\"fr-FR\"},{\"@type\":\"Organization\",\"@id\":\"https:\\\/\\\/ylna-technics.fr\\\/#organization\",\"name\":\"YLNA Technics\",\"url\":\"https:\\\/\\\/ylna-technics.fr\\\/\",\"logo\":{\"@type\":\"ImageObject\",\"inLanguage\":\"fr-FR\",\"@id\":\"https:\\\/\\\/ylna-technics.fr\\\/#\\\/schema\\\/logo\\\/image\\\/\",\"url\":\"https:\\\/\\\/ylna-technics.fr\\\/wp-content\\\/uploads\\\/2026\\\/03\\\/cropped-Logo-YTombre-1.png\",\"contentUrl\":\"https:\\\/\\\/ylna-technics.fr\\\/wp-content\\\/uploads\\\/2026\\\/03\\\/cropped-Logo-YTombre-1.png\",\"width\":502,\"height\":507,\"caption\":\"YLNA Technics\"},\"image\":{\"@id\":\"https:\\\/\\\/ylna-technics.fr\\\/#\\\/schema\\\/logo\\\/image\\\/\"},\"sameAs\":[\"https:\\\/\\\/www.linkedin.com\\\/company\\\/ylna-technics\"]}]}<\/script>\n<!-- \/ Yoast SEO plugin. -->","yoast_head_json":{"title":"Histoire &amp; Vision - YLNA Technics","robots":{"index":"index","follow":"follow","max-snippet":"max-snippet:-1","max-image-preview":"max-image-preview:large","max-video-preview":"max-video-preview:-1"},"canonical":"https:\/\/ylna-technics.fr\/index.php\/histoire-vision\/","og_locale":"fr_FR","og_type":"article","og_title":"Histoire &amp; Vision - YLNA Technics","og_description":"Histoire Une exp\u00e9rience construite au contact du terrain YLNA Technics est n\u00e9e de la volont\u00e9 de mettre l\u2019ing\u00e9nierie de maintenance et l\u2019exploitation des donn\u00e9es techniques au service de la performance industrielle.L\u2019entreprise s\u2019appuie sur une exp\u00e9rience acquise dans diff\u00e9rents environnements industriels, au contact direct des \u00e9quipements et des \u00e9quipes de maintenance. Cette exp\u00e9rience terrain a permis...","og_url":"https:\/\/ylna-technics.fr\/index.php\/histoire-vision\/","og_site_name":"YLNA Technics","article_modified_time":"2026-04-05T15:24:01+00:00","twitter_card":"summary_large_image","twitter_misc":{"Dur\u00e9e de lecture estim\u00e9e":"2 minutes"},"schema":{"@context":"https:\/\/schema.org","@graph":[{"@type":"WebPage","@id":"https:\/\/ylna-technics.fr\/index.php\/histoire-vision\/","url":"https:\/\/ylna-technics.fr\/index.php\/histoire-vision\/","name":"Histoire &amp; Vision - YLNA Technics","isPartOf":{"@id":"https:\/\/ylna-technics.fr\/#website"},"datePublished":"2026-03-31T19:13:41+00:00","dateModified":"2026-04-05T15:24:01+00:00","breadcrumb":{"@id":"https:\/\/ylna-technics.fr\/index.php\/histoire-vision\/#breadcrumb"},"inLanguage":"fr-FR","potentialAction":[{"@type":"ReadAction","target":["https:\/\/ylna-technics.fr\/index.php\/histoire-vision\/"]}]},{"@type":"BreadcrumbList","@id":"https:\/\/ylna-technics.fr\/index.php\/histoire-vision\/#breadcrumb","itemListElement":[{"@type":"ListItem","position":1,"name":"Accueil","item":"https:\/\/ylna-technics.fr\/"},{"@type":"ListItem","position":2,"name":"Histoire &amp; Vision"}]},{"@type":"WebSite","@id":"https:\/\/ylna-technics.fr\/#website","url":"https:\/\/ylna-technics.fr\/","name":"YLNA Technics","description":"Ing\u00e9nierie et M\u00e9thodes de Maintenance","publisher":{"@id":"https:\/\/ylna-technics.fr\/#organization"},"potentialAction":[{"@type":"SearchAction","target":{"@type":"EntryPoint","urlTemplate":"https:\/\/ylna-technics.fr\/?s={search_term_string}"},"query-input":{"@type":"PropertyValueSpecification","valueRequired":true,"valueName":"search_term_string"}}],"inLanguage":"fr-FR"},{"@type":"Organization","@id":"https:\/\/ylna-technics.fr\/#organization","name":"YLNA Technics","url":"https:\/\/ylna-technics.fr\/","logo":{"@type":"ImageObject","inLanguage":"fr-FR","@id":"https:\/\/ylna-technics.fr\/#\/schema\/logo\/image\/","url":"https:\/\/ylna-technics.fr\/wp-content\/uploads\/2026\/03\/cropped-Logo-YTombre-1.png","contentUrl":"https:\/\/ylna-technics.fr\/wp-content\/uploads\/2026\/03\/cropped-Logo-YTombre-1.png","width":502,"height":507,"caption":"YLNA Technics"},"image":{"@id":"https:\/\/ylna-technics.fr\/#\/schema\/logo\/image\/"},"sameAs":["https:\/\/www.linkedin.com\/company\/ylna-technics"]}]}},"_links":{"self":[{"href":"https:\/\/ylna-technics.fr\/index.php\/wp-json\/wp\/v2\/pages\/125","targetHints":{"allow":["GET"]}}],"collection":[{"href":"https:\/\/ylna-technics.fr\/index.php\/wp-json\/wp\/v2\/pages"}],"about":[{"href":"https:\/\/ylna-technics.fr\/index.php\/wp-json\/wp\/v2\/types\/page"}],"author":[{"embeddable":true,"href":"https:\/\/ylna-technics.fr\/index.php\/wp-json\/wp\/v2\/users\/1"}],"replies":[{"embeddable":true,"href":"https:\/\/ylna-technics.fr\/index.php\/wp-json\/wp\/v2\/comments?post=125"}],"version-history":[{"count":2,"href":"https:\/\/ylna-technics.fr\/index.php\/wp-json\/wp\/v2\/pages\/125\/revisions"}],"predecessor-version":[{"id":133,"href":"https:\/\/ylna-technics.fr\/index.php\/wp-json\/wp\/v2\/pages\/125\/revisions\/133"}],"wp:attachment":[{"href":"https:\/\/ylna-technics.fr\/index.php\/wp-json\/wp\/v2\/media?parent=125"}],"curies":[{"name":"wp","href":"https:\/\/api.w.org\/{rel}","templated":true}]}}