{"id":403,"date":"2026-04-19T16:41:00","date_gmt":"2026-04-19T16:41:00","guid":{"rendered":"https:\/\/ylna-technics.fr\/?page_id=403"},"modified":"2026-04-23T20:07:17","modified_gmt":"2026-04-23T20:07:17","slug":"accueil","status":"publish","type":"page","link":"https:\/\/ylna-technics.fr\/index.php\/accueil\/","title":{"rendered":"Accueil"},"content":{"rendered":"\n<h1 data-wp-context---core-fit-text=\"core\/fit-text::{&quot;fontSize&quot;:&quot;&quot;}\" data-wp-init---core-fit-text=\"core\/fit-text::callbacks.init\" data-wp-interactive data-wp-style--font-size=\"core\/fit-text::context.fontSize\" class=\"wp-block-heading alignwide has-text-align-center has-fit-text has-theme-palette-12-color has-text-color has-background has-link-color wp-elements-ae04f81271b4ccf4d346a2a9d9131eca\" style=\"background-color:#000000;margin-top:0;margin-bottom:0;text-transform:uppercase\">Strat\u00e9gie et performance de la maintenance industrielle<\/h1>\n\n\n\n<p class=\"has-text-align-center has-theme-palette-4-color has-text-color has-background has-link-color wp-elements-4b90b60b2a7afc35e12e17d19fd39be2\" style=\"background:linear-gradient(205deg,rgb(238,238,238) 0%,rgb(180,198,207) 59%,rgb(169,184,195) 100%);margin-top:0;margin-right:0;margin-bottom:0;margin-left:0;padding-top:var(--wp--preset--spacing--40);padding-right:0;padding-bottom:var(--wp--preset--spacing--40);padding-left:0;font-size:24px;line-height:0\">Donn\u00e9es, strat\u00e9gie et structuration op\u00e9rationnelle&nbsp;<\/p>\n\n\n\n<!-- SECTION ACTIVITES -->\n<section class=\"activites-bandeau fullwidth-section\">\n\n  <!-- CARTE 1 : METHODES -->\n  <a href=\"\/methodes-maintenance\" class=\"card card1\">\n    <div class=\"content\">\n      <h2>M\u00e9thodes maintenance<\/h2>\n      <p>Structuration et analyse de l\u2019activit\u00e9 maintenance<\/p>\n    <\/div>\n  <\/a>\n\n  <!-- CARTE 2 : GMAO -->\n  <a href=\"\/projet-gmao\" class=\"card card2\">\n    <div class=\"content\">\n      <h2>GMAO<\/h2>\n      <p>Audit, structuration des donn\u00e9es et optimisation<\/p>\n    <\/div>\n  <\/a>\n\n  <!-- CARTE 3 : PREVISIONNEL -->\n  <a href=\"\/maintenance-previsionnelle\" class=\"card card3\">\n    <div class=\"content\">\n      <h2>Maintenance pr\u00e9visionnelle<\/h2>\n      <p>Analyse vibratoire et gestion optimis\u00e9e du graissage<\/p>\n    <\/div>\n  <\/a>\n\n<\/section>\n\n\n\n<h3 class=\"wp-block-heading\">Ing\u00e9nierie et methodes de maintenance<\/h3>\n\n\n\n<p><strong><mark style=\"background-color:rgba(0, 0, 0, 0)\" class=\"has-inline-color has-theme-palette-3-color\">YLNA TECHNICS<\/mark><\/strong>, bureau de conseil et prestataire op\u00e9rationnel,&nbsp;vous accompagne pour mener \u00e0 bien vos projets en m\u00e9thodes de maintenance.<br>La digitalisation de la maintenance devient une strat\u00e9gie in\u00e9vitable pour maitriser vos activit\u00e9s de maintenance. YLNA Technics, se met \u00e0 votre disposition pour mener \u00e0 bien vos projets :<\/p>\n\n\n\n<div class=\"wp-block-cover is-light has-aspect-ratio\" style=\"border-style:none;border-width:0px;margin-top:0;margin-bottom:0;padding-top:var(--wp--preset--spacing--30);padding-right:var(--wp--preset--spacing--20);padding-bottom:var(--wp--preset--spacing--30);padding-left:var(--wp--preset--spacing--20);aspect-ratio:auto;min-height:unset;\"><span aria-hidden=\"true\" class=\"wp-block-cover__background has-background-dim has-background-gradient\" style=\"background:linear-gradient(180deg,rgb(159,214,212) 0%,rgb(0,0,0) 100%)\"><\/span><div class=\"wp-block-cover__inner-container is-layout-constrained wp-container-core-cover-is-layout-3cdaa733 wp-block-cover-is-layout-constrained\">\n<div class=\"wp-block-group is-layout-grid wp-container-core-group-is-layout-b860b9f7 wp-block-group-is-layout-grid\" style=\"padding-top:0;padding-bottom:0\">\n<div class=\"wp-block-group wp-container-content-e269605d is-vertical is-content-justification-center is-layout-flex wp-container-core-group-is-layout-4b2eccd6 wp-block-group-is-layout-flex\">\n<figure class=\"wp-block-image size-thumbnail is-style-default\" style=\"margin-top:0;margin-bottom:0\"><img loading=\"lazy\" decoding=\"async\" width=\"150\" height=\"150\" src=\"https:\/\/ylna-technics.fr\/wp-content\/uploads\/2026\/04\/PROJET-150x150.png\" alt=\"\" class=\"wp-image-454\" style=\"aspect-ratio:1;object-fit:cover\" srcset=\"https:\/\/ylna-technics.fr\/wp-content\/uploads\/2026\/04\/PROJET-150x150.png 150w, https:\/\/ylna-technics.fr\/wp-content\/uploads\/2026\/04\/PROJET-300x300.png 300w, https:\/\/ylna-technics.fr\/wp-content\/uploads\/2026\/04\/PROJET.png 400w\" sizes=\"auto, (max-width: 150px) 100vw, 150px\" \/><\/figure>\n\n\n\n<p class=\"has-text-align-center\" style=\"margin-top:0;margin-bottom:0;padding-top:0;padding-bottom:0\"><strong>GESTION DE PROJET<\/strong><\/p>\n\n\n\n<ul style=\"margin-top:0;margin-bottom:0;padding-top:0;padding-bottom:0;line-height:2\" class=\"wp-block-list\">\n<li>Budget d\u00e9fini<\/li>\n\n\n\n<li style=\"line-height:2\">Date de d\u00e9but et fin de projet<\/li>\n\n\n\n<li>R\u00e9unions de suivi ( client et int\u00e9grateur)<\/li>\n<\/ul>\n<\/div>\n\n\n\n<div class=\"wp-block-group wp-container-content-e269605d is-vertical is-content-justification-center is-layout-flex wp-container-core-group-is-layout-4b2eccd6 wp-block-group-is-layout-flex\">\n<figure class=\"wp-block-image size-thumbnail is-style-default wp-duotone-unset-1\" style=\"margin-top:0;margin-bottom:0\"><img loading=\"lazy\" decoding=\"async\" width=\"150\" height=\"150\" src=\"https:\/\/ylna-technics.fr\/wp-content\/uploads\/2026\/04\/terrain-150x150.png\" alt=\"\" class=\"wp-image-456\" style=\"aspect-ratio:1;object-fit:cover\" srcset=\"https:\/\/ylna-technics.fr\/wp-content\/uploads\/2026\/04\/terrain-150x150.png 150w, https:\/\/ylna-technics.fr\/wp-content\/uploads\/2026\/04\/terrain-300x300.png 300w, https:\/\/ylna-technics.fr\/wp-content\/uploads\/2026\/04\/terrain.png 400w\" sizes=\"auto, (max-width: 150px) 100vw, 150px\" \/><\/figure>\n\n\n\n<p class=\"has-text-align-center\" style=\"margin-top:0;margin-bottom:0;padding-top:0;padding-bottom:0\"><strong>APPROCHE TERRAIN<\/strong><\/p>\n\n\n\n<ul style=\"margin-top:0;margin-bottom:0;padding-top:0;padding-bottom:0;line-height:2\" class=\"wp-block-list\">\n<li>Relev\u00e9s des \u00e9quipements sur site<\/li>\n\n\n\n<li style=\"line-height:2\">Structuration des donn\u00e9es client<\/li>\n\n\n\n<li>Solution mobile renforc\u00e9e<\/li>\n<\/ul>\n<\/div>\n\n\n\n<div class=\"wp-block-group wp-container-content-e269605d is-vertical is-content-justification-center is-layout-flex wp-container-core-group-is-layout-4b2eccd6 wp-block-group-is-layout-flex\">\n<figure class=\"wp-block-image size-thumbnail is-style-default wp-duotone-unset-2\" style=\"margin-top:0;margin-bottom:0\"><img loading=\"lazy\" decoding=\"async\" width=\"150\" height=\"150\" src=\"https:\/\/ylna-technics.fr\/wp-content\/uploads\/2026\/04\/pilotage-150x150.png\" alt=\"\" class=\"wp-image-457\" style=\"aspect-ratio:1;object-fit:cover\" srcset=\"https:\/\/ylna-technics.fr\/wp-content\/uploads\/2026\/04\/pilotage-150x150.png 150w, https:\/\/ylna-technics.fr\/wp-content\/uploads\/2026\/04\/pilotage-300x300.png 300w, https:\/\/ylna-technics.fr\/wp-content\/uploads\/2026\/04\/pilotage.png 400w\" sizes=\"auto, (max-width: 150px) 100vw, 150px\" \/><\/figure>\n\n\n\n<p class=\"has-text-align-center\" style=\"margin-top:0;margin-bottom:0;padding-top:0;padding-bottom:0\"><strong>PILOTAGE<\/strong><\/p>\n\n\n\n<ul style=\"margin-top:0;margin-bottom:0;padding-top:0;padding-bottom:0;line-height:2\" class=\"wp-block-list\">\n<li>Optimisation et param\u00e9trage de la GMAO<\/li>\n\n\n\n<li style=\"line-height:2\">Mise en place de maintenance pr\u00e9ventive<\/li>\n\n\n\n<li>D\u00e9finition des tableaux de bord<\/li>\n<\/ul>\n<\/div>\n\n\n\n<div class=\"wp-block-group wp-container-content-e269605d is-vertical is-content-justification-center is-layout-flex wp-container-core-group-is-layout-4b2eccd6 wp-block-group-is-layout-flex\">\n<figure class=\"wp-block-image size-thumbnail is-style-default wp-duotone-unset-3\" style=\"margin-top:0;margin-bottom:0\"><img loading=\"lazy\" decoding=\"async\" width=\"150\" height=\"150\" src=\"https:\/\/ylna-technics.fr\/wp-content\/uploads\/2026\/04\/performance-150x150.png\" alt=\"\" class=\"wp-image-458\" style=\"aspect-ratio:1;object-fit:cover\" srcset=\"https:\/\/ylna-technics.fr\/wp-content\/uploads\/2026\/04\/performance-150x150.png 150w, https:\/\/ylna-technics.fr\/wp-content\/uploads\/2026\/04\/performance-300x300.png 300w, https:\/\/ylna-technics.fr\/wp-content\/uploads\/2026\/04\/performance.png 400w\" sizes=\"auto, (max-width: 150px) 100vw, 150px\" \/><\/figure>\n\n\n\n<p class=\"has-text-align-center\" style=\"margin-top:0;margin-bottom:0;padding-top:0;padding-bottom:0\"><strong>\u00c9TUDE STRAT\u00c9GIQUE<\/strong><\/p>\n\n\n\n<ul style=\"margin-top:0;margin-bottom:0;padding-top:0;padding-bottom:0;line-height:2\" class=\"wp-block-list\">\n<li>\u00c9tude des KPI<\/li>\n\n\n\n<li style=\"line-height:2\">D\u00e9finition des stocks mini<\/li>\n\n\n\n<li>Maintenance pr\u00e9visionnelle<\/li>\n<\/ul>\n<\/div>\n<\/div>\n<\/div><\/div>\n\n\n\n<div class=\"wp-block-buttons is-horizontal is-content-justification-left is-layout-flex wp-container-core-buttons-is-layout-7e5fce0a wp-block-buttons-is-layout-flex\">\n<div class=\"wp-block-button has-custom-width wp-block-button__width-50 is-style-fill\"><a class=\"wp-block-button__link wp-element-button\" href=\"https:\/\/ylna-technics.fr\/index.php\/activites\/\">Nos activit\u00e9s<\/a><\/div>\n\n\n\n<div class=\"wp-block-button has-custom-width wp-block-button__width-50 is-style-fill\"><a class=\"wp-block-button__link has-medium-font-size has-custom-font-size wp-element-button\" href=\"https:\/\/ylna-technics.fr\/index.php\/references\/\">Nos r\u00e9f\u00e9rences<\/a><\/div>\n<\/div>\n\n\n\n<p>Les projets de structuration de la maintenance, de digitalisation des activit\u00e9s ou de mise en place de nouveaux outils peuvent rapidement devenir complexes \u00e0 piloter.<\/p>\n\n\n\n<p><em>YLNA Technics<\/em> intervient pour structurer ces d\u00e9marches, de la collecte des donn\u00e9es sur le terrain \u00e0 l\u2019analyse strat\u00e9gique, en accompagnant les \u00e9quipes tout au long de la mise en \u0153uvre du projet, et m\u00eame apr\u00e8s en tant que support.<br>Avec notre m\u00e9thodologie et notre forte exp\u00e9rience du terrain, nous veillons \u00e0 ce que chaque projet soit men\u00e9 jusqu\u2019\u00e0 sa mise en place effective et durablement appropri\u00e9 par les \u00e9quipes.<\/p>\n","protected":false},"excerpt":{"rendered":"<p>Strat\u00e9gie et performance de la maintenance industrielle Donn\u00e9es, strat\u00e9gie et structuration op\u00e9rationnelle&nbsp; M\u00e9thodes maintenance Structuration et analyse de l\u2019activit\u00e9 maintenance GMAO Audit, structuration des donn\u00e9es et optimisation Maintenance pr\u00e9visionnelle Analyse vibratoire et gestion optimis\u00e9e du graissage Ing\u00e9nierie et methodes de maintenance YLNA TECHNICS, bureau de conseil et prestataire op\u00e9rationnel,&nbsp;vous accompagne pour mener \u00e0 bien vos&#8230;<\/p>\n","protected":false},"author":1,"featured_media":0,"parent":0,"menu_order":0,"comment_status":"closed","ping_status":"closed","template":"","meta":{"_kadence_starter_templates_imported_post":false,"_kad_post_transparent":"","_kad_post_title":"","_kad_post_layout":"","_kad_post_sidebar_id":"","_kad_post_content_style":"","_kad_post_vertical_padding":"","_kad_post_feature":"","_kad_post_feature_position":"","_kad_post_header":false,"_kad_post_footer":false,"_kad_post_classname":"","footnotes":""},"class_list":["post-403","page","type-page","status-publish","hentry"],"yoast_head":"<!-- This site is optimized with the Yoast SEO plugin v27.3 - https:\/\/yoast.com\/product\/yoast-seo-wordpress\/ -->\n<title>Accueil - YLNA Technics<\/title>\n<meta name=\"robots\" content=\"index, follow, max-snippet:-1, max-image-preview:large, max-video-preview:-1\" \/>\n<link rel=\"canonical\" href=\"https:\/\/ylna-technics.fr\/index.php\/accueil\/\" \/>\n<meta property=\"og:locale\" content=\"fr_FR\" \/>\n<meta property=\"og:type\" content=\"article\" \/>\n<meta property=\"og:title\" content=\"Accueil - YLNA Technics\" \/>\n<meta property=\"og:description\" content=\"Strat\u00e9gie et performance de la maintenance industrielle Donn\u00e9es, strat\u00e9gie et structuration op\u00e9rationnelle&nbsp; M\u00e9thodes maintenance Structuration et analyse de l\u2019activit\u00e9 maintenance GMAO Audit, structuration des donn\u00e9es et optimisation Maintenance pr\u00e9visionnelle Analyse vibratoire et gestion optimis\u00e9e du graissage Ing\u00e9nierie et methodes de maintenance YLNA TECHNICS, bureau de conseil et prestataire op\u00e9rationnel,&nbsp;vous accompagne pour mener \u00e0 bien vos...\" \/>\n<meta property=\"og:url\" content=\"https:\/\/ylna-technics.fr\/index.php\/accueil\/\" \/>\n<meta property=\"og:site_name\" content=\"YLNA Technics\" \/>\n<meta property=\"article:modified_time\" content=\"2026-04-23T20:07:17+00:00\" \/>\n<meta property=\"og:image\" content=\"https:\/\/ylna-technics.fr\/wp-content\/uploads\/2026\/04\/PROJET.png\" \/>\n\t<meta property=\"og:image:width\" content=\"400\" \/>\n\t<meta property=\"og:image:height\" content=\"400\" \/>\n\t<meta property=\"og:image:type\" content=\"image\/png\" \/>\n<meta name=\"twitter:card\" content=\"summary_large_image\" \/>\n<meta name=\"twitter:label1\" content=\"Dur\u00e9e de lecture estim\u00e9e\" \/>\n\t<meta name=\"twitter:data1\" content=\"3 minutes\" \/>\n<script type=\"application\/ld+json\" class=\"yoast-schema-graph\">{\"@context\":\"https:\\\/\\\/schema.org\",\"@graph\":[{\"@type\":\"WebPage\",\"@id\":\"https:\\\/\\\/ylna-technics.fr\\\/index.php\\\/accueil\\\/\",\"url\":\"https:\\\/\\\/ylna-technics.fr\\\/index.php\\\/accueil\\\/\",\"name\":\"Accueil - YLNA Technics\",\"isPartOf\":{\"@id\":\"https:\\\/\\\/ylna-technics.fr\\\/#website\"},\"primaryImageOfPage\":{\"@id\":\"https:\\\/\\\/ylna-technics.fr\\\/index.php\\\/accueil\\\/#primaryimage\"},\"image\":{\"@id\":\"https:\\\/\\\/ylna-technics.fr\\\/index.php\\\/accueil\\\/#primaryimage\"},\"thumbnailUrl\":\"https:\\\/\\\/ylna-technics.fr\\\/wp-content\\\/uploads\\\/2026\\\/04\\\/PROJET-150x150.png\",\"datePublished\":\"2026-04-19T16:41:00+00:00\",\"dateModified\":\"2026-04-23T20:07:17+00:00\",\"breadcrumb\":{\"@id\":\"https:\\\/\\\/ylna-technics.fr\\\/index.php\\\/accueil\\\/#breadcrumb\"},\"inLanguage\":\"fr-FR\",\"potentialAction\":[{\"@type\":\"ReadAction\",\"target\":[\"https:\\\/\\\/ylna-technics.fr\\\/index.php\\\/accueil\\\/\"]}]},{\"@type\":\"ImageObject\",\"inLanguage\":\"fr-FR\",\"@id\":\"https:\\\/\\\/ylna-technics.fr\\\/index.php\\\/accueil\\\/#primaryimage\",\"url\":\"https:\\\/\\\/ylna-technics.fr\\\/wp-content\\\/uploads\\\/2026\\\/04\\\/PROJET.png\",\"contentUrl\":\"https:\\\/\\\/ylna-technics.fr\\\/wp-content\\\/uploads\\\/2026\\\/04\\\/PROJET.png\",\"width\":400,\"height\":400},{\"@type\":\"BreadcrumbList\",\"@id\":\"https:\\\/\\\/ylna-technics.fr\\\/index.php\\\/accueil\\\/#breadcrumb\",\"itemListElement\":[{\"@type\":\"ListItem\",\"position\":1,\"name\":\"Accueil\",\"item\":\"https:\\\/\\\/ylna-technics.fr\\\/\"},{\"@type\":\"ListItem\",\"position\":2,\"name\":\"Accueil\"}]},{\"@type\":\"WebSite\",\"@id\":\"https:\\\/\\\/ylna-technics.fr\\\/#website\",\"url\":\"https:\\\/\\\/ylna-technics.fr\\\/\",\"name\":\"YLNA Technics\",\"description\":\"Ing\u00e9nierie et M\u00e9thodes de Maintenance\",\"publisher\":{\"@id\":\"https:\\\/\\\/ylna-technics.fr\\\/#organization\"},\"potentialAction\":[{\"@type\":\"SearchAction\",\"target\":{\"@type\":\"EntryPoint\",\"urlTemplate\":\"https:\\\/\\\/ylna-technics.fr\\\/?s={search_term_string}\"},\"query-input\":{\"@type\":\"PropertyValueSpecification\",\"valueRequired\":true,\"valueName\":\"search_term_string\"}}],\"inLanguage\":\"fr-FR\"},{\"@type\":\"Organization\",\"@id\":\"https:\\\/\\\/ylna-technics.fr\\\/#organization\",\"name\":\"YLNA Technics\",\"url\":\"https:\\\/\\\/ylna-technics.fr\\\/\",\"logo\":{\"@type\":\"ImageObject\",\"inLanguage\":\"fr-FR\",\"@id\":\"https:\\\/\\\/ylna-technics.fr\\\/#\\\/schema\\\/logo\\\/image\\\/\",\"url\":\"https:\\\/\\\/ylna-technics.fr\\\/wp-content\\\/uploads\\\/2026\\\/03\\\/cropped-Logo-YTombre-1.png\",\"contentUrl\":\"https:\\\/\\\/ylna-technics.fr\\\/wp-content\\\/uploads\\\/2026\\\/03\\\/cropped-Logo-YTombre-1.png\",\"width\":502,\"height\":507,\"caption\":\"YLNA Technics\"},\"image\":{\"@id\":\"https:\\\/\\\/ylna-technics.fr\\\/#\\\/schema\\\/logo\\\/image\\\/\"},\"sameAs\":[\"https:\\\/\\\/www.linkedin.com\\\/company\\\/ylna-technics\"]}]}<\/script>\n<!-- \/ Yoast SEO plugin. -->","yoast_head_json":{"title":"Accueil - YLNA Technics","robots":{"index":"index","follow":"follow","max-snippet":"max-snippet:-1","max-image-preview":"max-image-preview:large","max-video-preview":"max-video-preview:-1"},"canonical":"https:\/\/ylna-technics.fr\/index.php\/accueil\/","og_locale":"fr_FR","og_type":"article","og_title":"Accueil - YLNA Technics","og_description":"Strat\u00e9gie et performance de la maintenance industrielle Donn\u00e9es, strat\u00e9gie et structuration op\u00e9rationnelle&nbsp; M\u00e9thodes maintenance Structuration et analyse de l\u2019activit\u00e9 maintenance GMAO Audit, structuration des donn\u00e9es et optimisation Maintenance pr\u00e9visionnelle Analyse vibratoire et gestion optimis\u00e9e du graissage Ing\u00e9nierie et methodes de maintenance YLNA TECHNICS, bureau de conseil et prestataire op\u00e9rationnel,&nbsp;vous accompagne pour mener \u00e0 bien vos...","og_url":"https:\/\/ylna-technics.fr\/index.php\/accueil\/","og_site_name":"YLNA Technics","article_modified_time":"2026-04-23T20:07:17+00:00","og_image":[{"width":400,"height":400,"url":"https:\/\/ylna-technics.fr\/wp-content\/uploads\/2026\/04\/PROJET.png","type":"image\/png"}],"twitter_card":"summary_large_image","twitter_misc":{"Dur\u00e9e de lecture estim\u00e9e":"3 minutes"},"schema":{"@context":"https:\/\/schema.org","@graph":[{"@type":"WebPage","@id":"https:\/\/ylna-technics.fr\/index.php\/accueil\/","url":"https:\/\/ylna-technics.fr\/index.php\/accueil\/","name":"Accueil - YLNA Technics","isPartOf":{"@id":"https:\/\/ylna-technics.fr\/#website"},"primaryImageOfPage":{"@id":"https:\/\/ylna-technics.fr\/index.php\/accueil\/#primaryimage"},"image":{"@id":"https:\/\/ylna-technics.fr\/index.php\/accueil\/#primaryimage"},"thumbnailUrl":"https:\/\/ylna-technics.fr\/wp-content\/uploads\/2026\/04\/PROJET-150x150.png","datePublished":"2026-04-19T16:41:00+00:00","dateModified":"2026-04-23T20:07:17+00:00","breadcrumb":{"@id":"https:\/\/ylna-technics.fr\/index.php\/accueil\/#breadcrumb"},"inLanguage":"fr-FR","potentialAction":[{"@type":"ReadAction","target":["https:\/\/ylna-technics.fr\/index.php\/accueil\/"]}]},{"@type":"ImageObject","inLanguage":"fr-FR","@id":"https:\/\/ylna-technics.fr\/index.php\/accueil\/#primaryimage","url":"https:\/\/ylna-technics.fr\/wp-content\/uploads\/2026\/04\/PROJET.png","contentUrl":"https:\/\/ylna-technics.fr\/wp-content\/uploads\/2026\/04\/PROJET.png","width":400,"height":400},{"@type":"BreadcrumbList","@id":"https:\/\/ylna-technics.fr\/index.php\/accueil\/#breadcrumb","itemListElement":[{"@type":"ListItem","position":1,"name":"Accueil","item":"https:\/\/ylna-technics.fr\/"},{"@type":"ListItem","position":2,"name":"Accueil"}]},{"@type":"WebSite","@id":"https:\/\/ylna-technics.fr\/#website","url":"https:\/\/ylna-technics.fr\/","name":"YLNA Technics","description":"Ing\u00e9nierie et M\u00e9thodes de Maintenance","publisher":{"@id":"https:\/\/ylna-technics.fr\/#organization"},"potentialAction":[{"@type":"SearchAction","target":{"@type":"EntryPoint","urlTemplate":"https:\/\/ylna-technics.fr\/?s={search_term_string}"},"query-input":{"@type":"PropertyValueSpecification","valueRequired":true,"valueName":"search_term_string"}}],"inLanguage":"fr-FR"},{"@type":"Organization","@id":"https:\/\/ylna-technics.fr\/#organization","name":"YLNA Technics","url":"https:\/\/ylna-technics.fr\/","logo":{"@type":"ImageObject","inLanguage":"fr-FR","@id":"https:\/\/ylna-technics.fr\/#\/schema\/logo\/image\/","url":"https:\/\/ylna-technics.fr\/wp-content\/uploads\/2026\/03\/cropped-Logo-YTombre-1.png","contentUrl":"https:\/\/ylna-technics.fr\/wp-content\/uploads\/2026\/03\/cropped-Logo-YTombre-1.png","width":502,"height":507,"caption":"YLNA Technics"},"image":{"@id":"https:\/\/ylna-technics.fr\/#\/schema\/logo\/image\/"},"sameAs":["https:\/\/www.linkedin.com\/company\/ylna-technics"]}]}},"_links":{"self":[{"href":"https:\/\/ylna-technics.fr\/index.php\/wp-json\/wp\/v2\/pages\/403","targetHints":{"allow":["GET"]}}],"collection":[{"href":"https:\/\/ylna-technics.fr\/index.php\/wp-json\/wp\/v2\/pages"}],"about":[{"href":"https:\/\/ylna-technics.fr\/index.php\/wp-json\/wp\/v2\/types\/page"}],"author":[{"embeddable":true,"href":"https:\/\/ylna-technics.fr\/index.php\/wp-json\/wp\/v2\/users\/1"}],"replies":[{"embeddable":true,"href":"https:\/\/ylna-technics.fr\/index.php\/wp-json\/wp\/v2\/comments?post=403"}],"version-history":[{"count":27,"href":"https:\/\/ylna-technics.fr\/index.php\/wp-json\/wp\/v2\/pages\/403\/revisions"}],"predecessor-version":[{"id":461,"href":"https:\/\/ylna-technics.fr\/index.php\/wp-json\/wp\/v2\/pages\/403\/revisions\/461"}],"wp:attachment":[{"href":"https:\/\/ylna-technics.fr\/index.php\/wp-json\/wp\/v2\/media?parent=403"}],"curies":[{"name":"wp","href":"https:\/\/api.w.org\/{rel}","templated":true}]}}