{"id":9,"date":"2026-03-08T14:34:41","date_gmt":"2026-03-08T14:34:41","guid":{"rendered":"http:\/\/dalkmtn.cluster121.hosting.ovh.net\/?page_id=9"},"modified":"2026-03-08T14:34:41","modified_gmt":"2026-03-08T14:34:41","slug":"legal-notice","status":"publish","type":"page","link":"https:\/\/ylna-technics.fr\/index.php\/legal-notice\/","title":{"rendered":"Legal notice"},"content":{"rendered":"\n<h1 class=\"wp-block-heading\">Mentions l\u00e9gales<\/h1>\n\n\n\n<p>Derni\u00e8re mise \u00e0 jour : 08 Mars 2026<\/p>\n\n\n\n<h2 class=\"wp-block-heading\">1. \u00c9diteur du site<\/h2>\n\n\n\n<p>Le pr\u00e9sent site internet <strong><a href=\"https:\/\/ylna-technics.fr\">https:\/\/ylna-technics.fr<\/a><\/strong> est \u00e9dit\u00e9 par :<\/p>\n\n\n\n<p>YLNA Technics<br>Forme juridique : SASU<br>Si\u00e8ge social : 45 Avenue Alexis de Villeneuve 97400 Saint-Denis (r\u00e9union)<br>SIRET : 92971354300015<br>Num\u00e9ro TVA intracommunautaire : FR22929713543<\/p>\n\n\n\n<p>Directeur de la publication :<br>Da silva Simon<\/p>\n\n\n\n<p>Contact :<br>Email : ylna-technics@outlook.fr<br>T\u00e9l\u00e9phone : +262 693 64 71 07<\/p>\n\n\n\n<hr class=\"wp-block-separator has-alpha-channel-opacity\"\/>\n\n\n\n<h2 class=\"wp-block-heading\">2. H\u00e9bergement<\/h2>\n\n\n\n<p>Le site est h\u00e9berg\u00e9 par :<\/p>\n\n\n\n<p>OVHcloud<br>2 rue Kellermann<br>59100 Roubaix<br>France<\/p>\n\n\n\n<p>Site internet : <a href=\"https:\/\/www.ovhcloud.com\">https:\/\/www.ovhcloud.com<\/a><\/p>\n\n\n\n<hr class=\"wp-block-separator has-alpha-channel-opacity\"\/>\n\n\n\n<h2 class=\"wp-block-heading\">3. Propri\u00e9t\u00e9 intellectuelle<\/h2>\n\n\n\n<p>L\u2019ensemble des contenus pr\u00e9sents sur ce site (textes, images, graphismes, logos, documents, \u00e9l\u00e9ments techniques, etc.) est la propri\u00e9t\u00e9 exclusive de <strong>YLNA Technics<\/strong>, sauf mention contraire.<\/p>\n\n\n\n<p>Toute reproduction, repr\u00e9sentation, modification, publication, transmission ou exploitation de tout ou partie du site, par quelque proc\u00e9d\u00e9 que ce soit, sans l\u2019autorisation \u00e9crite pr\u00e9alable de YLNA Technics est strictement interdite.<\/p>\n\n\n\n<hr class=\"wp-block-separator has-alpha-channel-opacity\"\/>\n\n\n\n<h2 class=\"wp-block-heading\">4. Responsabilit\u00e9<\/h2>\n\n\n\n<p>YLNA Technics s\u2019efforce de fournir sur ce site des informations aussi pr\u00e9cises que possible. Toutefois, l\u2019entreprise ne saurait \u00eatre tenue responsable des omissions, inexactitudes ou carences dans la mise \u00e0 jour des informations.<\/p>\n\n\n\n<p>Les informations pr\u00e9sentes sur ce site sont donn\u00e9es \u00e0 titre indicatif et peuvent \u00e9voluer \u00e0 tout moment.<\/p>\n\n\n\n<hr class=\"wp-block-separator has-alpha-channel-opacity\"\/>\n\n\n\n<h2 class=\"wp-block-heading\">5. Liens externes<\/h2>\n\n\n\n<p>Le site peut contenir des liens vers d\u2019autres sites internet.<br>YLNA Technics ne peut \u00eatre tenu responsable du contenu de ces sites externes ni de leurs pratiques en mati\u00e8re de protection des donn\u00e9es.<\/p>\n\n\n\n<hr class=\"wp-block-separator has-alpha-channel-opacity\"\/>\n\n\n\n<h2 class=\"wp-block-heading\">6. Donn\u00e9es personnelles<\/h2>\n\n\n\n<p>Les informations collect\u00e9es via le site sont trait\u00e9es conform\u00e9ment \u00e0 la <strong>Politique de confidentialit\u00e9<\/strong> disponible sur ce site.<\/p>\n\n\n\n<p>Conform\u00e9ment au <strong>R\u00e8glement G\u00e9n\u00e9ral sur la Protection des Donn\u00e9es (RGPD)<\/strong>, vous disposez d\u2019un droit d\u2019acc\u00e8s, de rectification et de suppression des donn\u00e9es vous concernant.<\/p>\n\n\n\n<p>Pour exercer ces droits, vous pouvez contacter :<br>ylna-technics@outlook.fr<\/p>\n\n\n\n<hr class=\"wp-block-separator has-alpha-channel-opacity\"\/>\n\n\n\n<h2 class=\"wp-block-heading\">7. Droit applicable<\/h2>\n\n\n\n<p>Le pr\u00e9sent site est soumis au droit fran\u00e7ais.<\/p>\n\n\n\n<p>En cas de litige et \u00e0 d\u00e9faut de r\u00e9solution amiable, les tribunaux comp\u00e9tents seront ceux du ressort du si\u00e8ge social de l\u2019entreprise.<\/p>\n","protected":false},"excerpt":{"rendered":"<p>Mentions l\u00e9gales Derni\u00e8re mise \u00e0 jour : 08 Mars 2026 1. \u00c9diteur du site Le pr\u00e9sent site internet https:\/\/ylna-technics.fr est \u00e9dit\u00e9 par : YLNA TechnicsForme juridique : SASUSi\u00e8ge social : 45 Avenue Alexis de Villeneuve 97400 Saint-Denis (r\u00e9union)SIRET : 92971354300015Num\u00e9ro TVA intracommunautaire : FR22929713543 Directeur de la publication :Da silva Simon Contact :Email : ylna-technics@outlook.frT\u00e9l\u00e9phone&#8230;<\/p>\n","protected":false},"author":1,"featured_media":0,"parent":0,"menu_order":0,"comment_status":"closed","ping_status":"closed","template":"","meta":{"_kadence_starter_templates_imported_post":false,"_kad_post_transparent":"","_kad_post_title":"","_kad_post_layout":"","_kad_post_sidebar_id":"","_kad_post_content_style":"","_kad_post_vertical_padding":"","_kad_post_feature":"","_kad_post_feature_position":"","_kad_post_header":false,"_kad_post_footer":false,"_kad_post_classname":"","footnotes":""},"class_list":["post-9","page","type-page","status-publish","hentry"],"yoast_head":"<!-- This site is optimized with the Yoast SEO plugin v27.3 - https:\/\/yoast.com\/product\/yoast-seo-wordpress\/ -->\n<title>Legal notice - YLNA Technics<\/title>\n<meta name=\"robots\" content=\"index, follow, max-snippet:-1, max-image-preview:large, max-video-preview:-1\" \/>\n<link rel=\"canonical\" href=\"https:\/\/ylna-technics.fr\/index.php\/legal-notice\/\" \/>\n<meta property=\"og:locale\" content=\"fr_FR\" \/>\n<meta property=\"og:type\" content=\"article\" \/>\n<meta property=\"og:title\" content=\"Legal notice - YLNA Technics\" \/>\n<meta property=\"og:description\" content=\"Mentions l\u00e9gales Derni\u00e8re mise \u00e0 jour : 08 Mars 2026 1. \u00c9diteur du site Le pr\u00e9sent site internet https:\/\/ylna-technics.fr est \u00e9dit\u00e9 par : YLNA TechnicsForme juridique : SASUSi\u00e8ge social : 45 Avenue Alexis de Villeneuve 97400 Saint-Denis (r\u00e9union)SIRET : 92971354300015Num\u00e9ro TVA intracommunautaire : FR22929713543 Directeur de la publication :Da silva Simon Contact :Email : ylna-technics@outlook.frT\u00e9l\u00e9phone...\" \/>\n<meta property=\"og:url\" content=\"https:\/\/ylna-technics.fr\/index.php\/legal-notice\/\" \/>\n<meta property=\"og:site_name\" content=\"YLNA Technics\" \/>\n<meta name=\"twitter:card\" content=\"summary_large_image\" \/>\n<meta name=\"twitter:label1\" content=\"Dur\u00e9e de lecture estim\u00e9e\" \/>\n\t<meta name=\"twitter:data1\" content=\"2 minutes\" \/>\n<script type=\"application\/ld+json\" class=\"yoast-schema-graph\">{\"@context\":\"https:\\\/\\\/schema.org\",\"@graph\":[{\"@type\":\"WebPage\",\"@id\":\"https:\\\/\\\/ylna-technics.fr\\\/index.php\\\/legal-notice\\\/\",\"url\":\"https:\\\/\\\/ylna-technics.fr\\\/index.php\\\/legal-notice\\\/\",\"name\":\"Legal notice - YLNA Technics\",\"isPartOf\":{\"@id\":\"https:\\\/\\\/ylna-technics.fr\\\/#website\"},\"datePublished\":\"2026-03-08T14:34:41+00:00\",\"breadcrumb\":{\"@id\":\"https:\\\/\\\/ylna-technics.fr\\\/index.php\\\/legal-notice\\\/#breadcrumb\"},\"inLanguage\":\"fr-FR\",\"potentialAction\":[{\"@type\":\"ReadAction\",\"target\":[\"https:\\\/\\\/ylna-technics.fr\\\/index.php\\\/legal-notice\\\/\"]}]},{\"@type\":\"BreadcrumbList\",\"@id\":\"https:\\\/\\\/ylna-technics.fr\\\/index.php\\\/legal-notice\\\/#breadcrumb\",\"itemListElement\":[{\"@type\":\"ListItem\",\"position\":1,\"name\":\"Accueil\",\"item\":\"https:\\\/\\\/ylna-technics.fr\\\/\"},{\"@type\":\"ListItem\",\"position\":2,\"name\":\"Legal notice\"}]},{\"@type\":\"WebSite\",\"@id\":\"https:\\\/\\\/ylna-technics.fr\\\/#website\",\"url\":\"https:\\\/\\\/ylna-technics.fr\\\/\",\"name\":\"YLNA Technics\",\"description\":\"Ing\u00e9nierie et M\u00e9thodes de Maintenance\",\"publisher\":{\"@id\":\"https:\\\/\\\/ylna-technics.fr\\\/#organization\"},\"potentialAction\":[{\"@type\":\"SearchAction\",\"target\":{\"@type\":\"EntryPoint\",\"urlTemplate\":\"https:\\\/\\\/ylna-technics.fr\\\/?s={search_term_string}\"},\"query-input\":{\"@type\":\"PropertyValueSpecification\",\"valueRequired\":true,\"valueName\":\"search_term_string\"}}],\"inLanguage\":\"fr-FR\"},{\"@type\":\"Organization\",\"@id\":\"https:\\\/\\\/ylna-technics.fr\\\/#organization\",\"name\":\"YLNA Technics\",\"url\":\"https:\\\/\\\/ylna-technics.fr\\\/\",\"logo\":{\"@type\":\"ImageObject\",\"inLanguage\":\"fr-FR\",\"@id\":\"https:\\\/\\\/ylna-technics.fr\\\/#\\\/schema\\\/logo\\\/image\\\/\",\"url\":\"https:\\\/\\\/ylna-technics.fr\\\/wp-content\\\/uploads\\\/2026\\\/03\\\/cropped-Logo-YTombre-1.png\",\"contentUrl\":\"https:\\\/\\\/ylna-technics.fr\\\/wp-content\\\/uploads\\\/2026\\\/03\\\/cropped-Logo-YTombre-1.png\",\"width\":502,\"height\":507,\"caption\":\"YLNA Technics\"},\"image\":{\"@id\":\"https:\\\/\\\/ylna-technics.fr\\\/#\\\/schema\\\/logo\\\/image\\\/\"},\"sameAs\":[\"https:\\\/\\\/www.linkedin.com\\\/company\\\/ylna-technics\"]}]}<\/script>\n<!-- \/ Yoast SEO plugin. -->","yoast_head_json":{"title":"Legal notice - YLNA Technics","robots":{"index":"index","follow":"follow","max-snippet":"max-snippet:-1","max-image-preview":"max-image-preview:large","max-video-preview":"max-video-preview:-1"},"canonical":"https:\/\/ylna-technics.fr\/index.php\/legal-notice\/","og_locale":"fr_FR","og_type":"article","og_title":"Legal notice - YLNA Technics","og_description":"Mentions l\u00e9gales Derni\u00e8re mise \u00e0 jour : 08 Mars 2026 1. \u00c9diteur du site Le pr\u00e9sent site internet https:\/\/ylna-technics.fr est \u00e9dit\u00e9 par : YLNA TechnicsForme juridique : SASUSi\u00e8ge social : 45 Avenue Alexis de Villeneuve 97400 Saint-Denis (r\u00e9union)SIRET : 92971354300015Num\u00e9ro TVA intracommunautaire : FR22929713543 Directeur de la publication :Da silva Simon Contact :Email : ylna-technics@outlook.frT\u00e9l\u00e9phone...","og_url":"https:\/\/ylna-technics.fr\/index.php\/legal-notice\/","og_site_name":"YLNA Technics","twitter_card":"summary_large_image","twitter_misc":{"Dur\u00e9e de lecture estim\u00e9e":"2 minutes"},"schema":{"@context":"https:\/\/schema.org","@graph":[{"@type":"WebPage","@id":"https:\/\/ylna-technics.fr\/index.php\/legal-notice\/","url":"https:\/\/ylna-technics.fr\/index.php\/legal-notice\/","name":"Legal notice - YLNA Technics","isPartOf":{"@id":"https:\/\/ylna-technics.fr\/#website"},"datePublished":"2026-03-08T14:34:41+00:00","breadcrumb":{"@id":"https:\/\/ylna-technics.fr\/index.php\/legal-notice\/#breadcrumb"},"inLanguage":"fr-FR","potentialAction":[{"@type":"ReadAction","target":["https:\/\/ylna-technics.fr\/index.php\/legal-notice\/"]}]},{"@type":"BreadcrumbList","@id":"https:\/\/ylna-technics.fr\/index.php\/legal-notice\/#breadcrumb","itemListElement":[{"@type":"ListItem","position":1,"name":"Accueil","item":"https:\/\/ylna-technics.fr\/"},{"@type":"ListItem","position":2,"name":"Legal notice"}]},{"@type":"WebSite","@id":"https:\/\/ylna-technics.fr\/#website","url":"https:\/\/ylna-technics.fr\/","name":"YLNA Technics","description":"Ing\u00e9nierie et M\u00e9thodes de Maintenance","publisher":{"@id":"https:\/\/ylna-technics.fr\/#organization"},"potentialAction":[{"@type":"SearchAction","target":{"@type":"EntryPoint","urlTemplate":"https:\/\/ylna-technics.fr\/?s={search_term_string}"},"query-input":{"@type":"PropertyValueSpecification","valueRequired":true,"valueName":"search_term_string"}}],"inLanguage":"fr-FR"},{"@type":"Organization","@id":"https:\/\/ylna-technics.fr\/#organization","name":"YLNA Technics","url":"https:\/\/ylna-technics.fr\/","logo":{"@type":"ImageObject","inLanguage":"fr-FR","@id":"https:\/\/ylna-technics.fr\/#\/schema\/logo\/image\/","url":"https:\/\/ylna-technics.fr\/wp-content\/uploads\/2026\/03\/cropped-Logo-YTombre-1.png","contentUrl":"https:\/\/ylna-technics.fr\/wp-content\/uploads\/2026\/03\/cropped-Logo-YTombre-1.png","width":502,"height":507,"caption":"YLNA Technics"},"image":{"@id":"https:\/\/ylna-technics.fr\/#\/schema\/logo\/image\/"},"sameAs":["https:\/\/www.linkedin.com\/company\/ylna-technics"]}]}},"_links":{"self":[{"href":"https:\/\/ylna-technics.fr\/index.php\/wp-json\/wp\/v2\/pages\/9","targetHints":{"allow":["GET"]}}],"collection":[{"href":"https:\/\/ylna-technics.fr\/index.php\/wp-json\/wp\/v2\/pages"}],"about":[{"href":"https:\/\/ylna-technics.fr\/index.php\/wp-json\/wp\/v2\/types\/page"}],"author":[{"embeddable":true,"href":"https:\/\/ylna-technics.fr\/index.php\/wp-json\/wp\/v2\/users\/1"}],"replies":[{"embeddable":true,"href":"https:\/\/ylna-technics.fr\/index.php\/wp-json\/wp\/v2\/comments?post=9"}],"version-history":[{"count":1,"href":"https:\/\/ylna-technics.fr\/index.php\/wp-json\/wp\/v2\/pages\/9\/revisions"}],"predecessor-version":[{"id":10,"href":"https:\/\/ylna-technics.fr\/index.php\/wp-json\/wp\/v2\/pages\/9\/revisions\/10"}],"wp:attachment":[{"href":"https:\/\/ylna-technics.fr\/index.php\/wp-json\/wp\/v2\/media?parent=9"}],"curies":[{"name":"wp","href":"https:\/\/api.w.org\/{rel}","templated":true}]}}